{"id":321,"date":"2018-05-22T14:47:04","date_gmt":"2018-05-22T14:47:04","guid":{"rendered":"https:\/\/www.decopakeurop.com\/services\/"},"modified":"2019-09-17T16:31:56","modified_gmt":"2019-09-17T16:31:56","slug":"services","status":"publish","type":"page","link":"https:\/\/www.decopakeurop.com\/fr\/services\/","title":{"rendered":"Services"},"content":{"rendered":"<p>Plus de 25 ans dans la d\u00e9coration de verre, zamak, plastique, aluminium et bois. M\u00e9tallisation, laquage \/ vernissage, s\u00e9rigraphie, tampographie, estampage \u00e0 chaud, assemblage, \u00e9tiquetage et r\u00e9alisation. Injection plastique depuis 1990.<\/p>\n","protected":false},"excerpt":{"rendered":"<p>Plus de 25 ans dans la d\u00e9coration de verre, zamak, plastique, aluminium et bois. M\u00e9tallisation, laquage \/ vernissage, s\u00e9rigraphie, tampographie, estampage \u00e0 chaud, assemblage, \u00e9tiquetage et r\u00e9alisation. Injection plastique depuis 1990.<\/p>\n","protected":false},"author":2,"featured_media":0,"parent":0,"menu_order":0,"comment_status":"closed","ping_status":"closed","template":"template-services.php","meta":{"_acf_changed":false,"footnotes":""},"class_list":["post-321","page","type-page","status-publish","hentry"],"acf":[],"_links":{"self":[{"href":"https:\/\/www.decopakeurop.com\/fr\/wp-json\/wp\/v2\/pages\/321","targetHints":{"allow":["GET"]}}],"collection":[{"href":"https:\/\/www.decopakeurop.com\/fr\/wp-json\/wp\/v2\/pages"}],"about":[{"href":"https:\/\/www.decopakeurop.com\/fr\/wp-json\/wp\/v2\/types\/page"}],"author":[{"embeddable":true,"href":"https:\/\/www.decopakeurop.com\/fr\/wp-json\/wp\/v2\/users\/2"}],"replies":[{"embeddable":true,"href":"https:\/\/www.decopakeurop.com\/fr\/wp-json\/wp\/v2\/comments?post=321"}],"version-history":[{"count":2,"href":"https:\/\/www.decopakeurop.com\/fr\/wp-json\/wp\/v2\/pages\/321\/revisions"}],"predecessor-version":[{"id":1753,"href":"https:\/\/www.decopakeurop.com\/fr\/wp-json\/wp\/v2\/pages\/321\/revisions\/1753"}],"wp:attachment":[{"href":"https:\/\/www.decopakeurop.com\/fr\/wp-json\/wp\/v2\/media?parent=321"}],"curies":[{"name":"wp","href":"https:\/\/api.w.org\/{rel}","templated":true}]}}