{"id":261,"date":"2018-05-22T17:22:10","date_gmt":"2018-05-22T17:22:10","guid":{"rendered":"https:\/\/www.decopakeurop.com\/home\/"},"modified":"2026-01-29T12:19:08","modified_gmt":"2026-01-29T12:19:08","slug":"home","status":"publish","type":"page","link":"https:\/\/www.decopakeurop.com\/fr\/","title":{"rendered":"Home"},"content":{"rendered":"<p>Depuis 1990, Decopak Europ&nbsp;d\u00e9core les contenants utilis\u00e9s en&nbsp;parfumerie et cosm\u00e9tique des plus&nbsp;grandes marques du secteur. Une gran&nbsp;\u00e9quipe travaille au quotidien en mettant&nbsp;son savoirfaire&nbsp;au service des meilleures&nbsp;finitions et techniques. Nous visons&nbsp;toujours l\u2019excellence, en proposant&nbsp;un service int\u00e9gral \u00e0 360\u00ba en&nbsp;mati\u00e8re d\u2019injection plastique,&nbsp;d\u00e9coration et finition.&nbsp;Des solutions visionnaires \u00e0 la&nbsp;hauteur de clients exceptionnels.<\/p>\n","protected":false},"excerpt":{"rendered":"<p>Depuis 1990, Decopak Europ&nbsp;d\u00e9core les contenants utilis\u00e9s en&nbsp;parfumerie et cosm\u00e9tique des plus&nbsp;grandes marques du secteur. Une gran&nbsp;\u00e9quipe travaille au quotidien en mettant&nbsp;son savoirfaire&nbsp;au service des meilleures&nbsp;finitions et techniques. Nous visons&nbsp;toujours l\u2019excellence, en proposant&nbsp;un service int\u00e9gral \u00e0 360\u00ba en&nbsp;mati\u00e8re d\u2019injection plastique,&nbsp;d\u00e9coration et finition.&nbsp;Des solutions visionnaires \u00e0 la&nbsp;hauteur de clients exceptionnels.<\/p>\n","protected":false},"author":2,"featured_media":5650,"parent":0,"menu_order":0,"comment_status":"closed","ping_status":"closed","template":"","meta":{"_acf_changed":false,"footnotes":""},"class_list":["post-261","page","type-page","status-publish","has-post-thumbnail","hentry"],"acf":[],"_links":{"self":[{"href":"https:\/\/www.decopakeurop.com\/fr\/wp-json\/wp\/v2\/pages\/261","targetHints":{"allow":["GET"]}}],"collection":[{"href":"https:\/\/www.decopakeurop.com\/fr\/wp-json\/wp\/v2\/pages"}],"about":[{"href":"https:\/\/www.decopakeurop.com\/fr\/wp-json\/wp\/v2\/types\/page"}],"author":[{"embeddable":true,"href":"https:\/\/www.decopakeurop.com\/fr\/wp-json\/wp\/v2\/users\/2"}],"replies":[{"embeddable":true,"href":"https:\/\/www.decopakeurop.com\/fr\/wp-json\/wp\/v2\/comments?post=261"}],"version-history":[{"count":81,"href":"https:\/\/www.decopakeurop.com\/fr\/wp-json\/wp\/v2\/pages\/261\/revisions"}],"predecessor-version":[{"id":5784,"href":"https:\/\/www.decopakeurop.com\/fr\/wp-json\/wp\/v2\/pages\/261\/revisions\/5784"}],"wp:featuredmedia":[{"embeddable":true,"href":"https:\/\/www.decopakeurop.com\/fr\/wp-json\/wp\/v2\/media\/5650"}],"wp:attachment":[{"href":"https:\/\/www.decopakeurop.com\/fr\/wp-json\/wp\/v2\/media?parent=261"}],"curies":[{"name":"wp","href":"https:\/\/api.w.org\/{rel}","templated":true}]}}