{"id":322,"date":"2018-05-22T14:47:04","date_gmt":"2018-05-22T14:47:04","guid":{"rendered":"https:\/\/www.decopakeurop.com\/services\/"},"modified":"2019-09-17T16:29:04","modified_gmt":"2019-09-17T16:29:04","slug":"servicios","status":"publish","type":"page","link":"https:\/\/www.decopakeurop.com\/es\/servicios\/","title":{"rendered":"Servicios"},"content":{"rendered":"<p>M\u00e1s de 25 a\u00f1os decorando vidrio, zamak, pl\u00e1stico, aluminio, y madera. Por tanto, aplicandi metalizaci\u00f3n, lacado \/ barnizado, serigraf\u00eda, tampograf\u00eda, termograbado, montaje, etiquetaje e inyecci\u00f3n pl\u00e1stica des de 1990.<\/p>\n","protected":false},"excerpt":{"rendered":"<p>M\u00e1s de 25 a\u00f1os decorando vidrio, zamak, pl\u00e1stico, aluminio, y madera. Por tanto, aplicandi metalizaci\u00f3n, lacado \/ barnizado, serigraf\u00eda, tampograf\u00eda, termograbado, montaje, etiquetaje e inyecci\u00f3n pl\u00e1stica des de 1990.<\/p>\n","protected":false},"author":2,"featured_media":0,"parent":0,"menu_order":0,"comment_status":"closed","ping_status":"closed","template":"template-services.php","meta":{"_acf_changed":false,"footnotes":""},"class_list":["post-322","page","type-page","status-publish","hentry"],"acf":[],"_links":{"self":[{"href":"https:\/\/www.decopakeurop.com\/es\/wp-json\/wp\/v2\/pages\/322","targetHints":{"allow":["GET"]}}],"collection":[{"href":"https:\/\/www.decopakeurop.com\/es\/wp-json\/wp\/v2\/pages"}],"about":[{"href":"https:\/\/www.decopakeurop.com\/es\/wp-json\/wp\/v2\/types\/page"}],"author":[{"embeddable":true,"href":"https:\/\/www.decopakeurop.com\/es\/wp-json\/wp\/v2\/users\/2"}],"replies":[{"embeddable":true,"href":"https:\/\/www.decopakeurop.com\/es\/wp-json\/wp\/v2\/comments?post=322"}],"version-history":[{"count":2,"href":"https:\/\/www.decopakeurop.com\/es\/wp-json\/wp\/v2\/pages\/322\/revisions"}],"predecessor-version":[{"id":1750,"href":"https:\/\/www.decopakeurop.com\/es\/wp-json\/wp\/v2\/pages\/322\/revisions\/1750"}],"wp:attachment":[{"href":"https:\/\/www.decopakeurop.com\/es\/wp-json\/wp\/v2\/media?parent=322"}],"curies":[{"name":"wp","href":"https:\/\/api.w.org\/{rel}","templated":true}]}}